{"id":566,"date":"2020-11-01T18:57:55","date_gmt":"2020-11-01T18:57:55","guid":{"rendered":"https:\/\/gpsolution.net\/?page_id=566"},"modified":"2022-01-30T19:05:46","modified_gmt":"2022-01-30T19:05:46","slug":"privacy-policy","status":"publish","type":"page","link":"https:\/\/gpsolution.net\/es\/privacy-policy\/","title":{"rendered":"Pol\u00edtica de privacidad"},"content":{"rendered":"<div data-elementor-type=\"wp-page\" data-elementor-id=\"566\" class=\"elementor elementor-566\">\n\t\t\t\t\t\t<div class=\"elementor-inner\">\n\t\t\t\t<div class=\"elementor-section-wrap\">\n\t\t\t\t\t\t\t\t\t<section class=\"elementor-section elementor-top-section elementor-element elementor-element-6ac52327 elementor-section-boxed elementor-section-height-default elementor-section-height-default\" data-id=\"6ac52327\" data-element_type=\"section\">\n\t\t\t\t\t\t<div class=\"elementor-container elementor-column-gap-default\">\n\t\t\t\t\t\t\t<div class=\"elementor-row\">\n\t\t\t\t\t<div class=\"elementor-column elementor-col-100 elementor-top-column elementor-element elementor-element-36f2ce32\" data-id=\"36f2ce32\" data-element_type=\"column\">\n\t\t\t<div class=\"elementor-column-wrap elementor-element-populated\">\n\t\t\t\t\t\t\t<div class=\"elementor-widget-wrap\">\n\t\t\t\t\t\t<div class=\"elementor-element elementor-element-a06f549 elementor-widget elementor-widget-text-editor\" data-id=\"a06f549\" data-element_type=\"widget\" data-widget_type=\"text-editor.default\">\n\t\t\t\t<div class=\"elementor-widget-container\">\n\t\t\t\t\t\t\t\t<div class=\"elementor-text-editor elementor-clearfix\">\n\t\t\t\t<p><strong>Pol\u00edtica de privacidad<\/strong><\/p><p>Proteger su informaci\u00f3n privada es nuestra prioridad. Esta declaraci\u00f3n de privacidad se aplica a www.gpsolution.net y G&amp;P OFFICE SOLUTIONS CORP y rige la recopilaci\u00f3n y el uso de datos. A los efectos de esta Pol\u00edtica de privacidad, a menos que se indique lo contrario, todas las referencias a G&amp;P OFFICE SOLUTIONS CORP incluyen www.gpsolution.net. El sitio web de G&amp;P OFFICE SOLUTIONS CORP es un sitio de formaci\u00f3n de empresas \/ contabilidad \/ dise\u00f1o de sitios web. Al utilizar el sitio web G&amp;P OFFICE SOLUTIONS CORP, usted acepta las pr\u00e1cticas relacionadas con los datos que se describen en esta declaraci\u00f3n.<\/p><p><strong>Recopilaci\u00f3n de su informaci\u00f3n personal<\/strong><\/p><p>Con el fin de brindarle mejor los productos y servicios ofrecidos en nuestro Sitio, G&amp;P OFFICE SOLUTIONS CORP puede recopilar informaci\u00f3n de identificaci\u00f3n personal, como su:<\/p><p>\u00a0- Nombre y apellido<\/p><p>\u00a0- Direcci\u00f3n de envio<\/p><p>\u00a0- Direcci\u00f3n de correo electr\u00f3nico<\/p><p>\u00a0- N\u00famero de tel\u00e9fono<\/p><p>G&amp;P OFFICE SOLUTIONS CORP tambi\u00e9n puede recopilar informaci\u00f3n demogr\u00e1fica an\u00f3nima, que no es exclusiva de usted, como su:<\/p><p>\u00a0- Edad<\/p><p>\u00a0- G\u00e9nero<\/p><p>\u00a0- Ingresos del hogar<\/p><p>No recopilamos ninguna informaci\u00f3n personal sobre usted a menos que usted nos la proporcione voluntariamente. Sin embargo, es posible que se le solicite que nos brinde cierta informaci\u00f3n personal cuando elija utilizar ciertos productos o servicios disponibles en el Sitio. Estos pueden incluir: (a) registrarse para obtener una cuenta en nuestro Sitio; (b) participar en un sorteo o concurso patrocinado por nosotros o uno de nuestros socios; (c) suscribirse a ofertas especiales de terceros seleccionados; (d) envi\u00e1ndonos un mensaje de correo electr\u00f3nico; (e) enviar su tarjeta de cr\u00e9dito u otra informaci\u00f3n de pago al ordenar y comprar productos y servicios en nuestro Sitio. Es decir, utilizaremos su informaci\u00f3n para, entre otros, comunicarnos con usted en relaci\u00f3n con los servicios y \/ o productos que nos haya solicitado. Tambi\u00e9n podemos recopilar informaci\u00f3n adicional personal o no personal en el futuro.<\/p><p><strong>Uso de su informaci\u00f3n personal <\/strong><\/p><p>G&amp;P OFFICE SOLUTIONS CORP recopila y usa su informaci\u00f3n personal para operar sus sitios web y brindar los servicios que ha solicitado.<\/p><p>G&amp;P OFFICE SOLUTIONS CORP tambi\u00e9n puede usar su informaci\u00f3n que puede ser identificada personalmente para informarle de otros productos o servicios disponibles por G&amp;P OFFICE SOLUTIONS CORP y sus afiliados<\/p><p><strong>Compartir informaci\u00f3n con terceros<\/strong><\/p><p>G&amp;P OFFICE SOLUTIONS CORP no tiene que vender, alquilar o ceder sus listas de clientes a terceros.<\/p><p>G&amp;P OFFICE SOLUTIONS CORP puede, de vez en cuando, contactarlo en nombre de socios comerciales externos para ofrecerle una oferta particular que pueda ser de su inter\u00e9s. En esos casos, su informaci\u00f3n de identificaci\u00f3n personal \u00fanica (correo electr\u00f3nico, nombre, direcci\u00f3n, n\u00famero de tel\u00e9fono) no se transfiere al tercero. G&amp;P OFFICE SOLUTIONS CORP puede compartir datos con socios confiables para ayudar a realizar an\u00e1lisis estad\u00edsticos, enviarle correo electr\u00f3nico o correo postal, brindar atenci\u00f3n al cliente u organizar las entregas. Todos estos terceros tienen prohibido usar su informaci\u00f3n personal, excepto para proporcionar estos servicios a G&amp;P OFFICE SOLUTIONS CORP, y est\u00e1n obligados a mantener la confidencialidad de su informaci\u00f3n.<\/p><p>G&amp;P OFFICE SOLUTIONS CORP puede divulgar su informaci\u00f3n personal, sin previo aviso, si as\u00ed lo requiere la ley o si cree de buena fe que dicha acci\u00f3n es necesaria para: (a) cumplir con los edictos de la ley o cumplir con el proceso legal presentado en G&amp;P OFFICE SOLUTIONS CORP o el sitio; (b) proteger y defender los derechos o la propiedad del G&amp;P OFFICE SOLUTIONS CORP; y \/ o (c) actuar de acuerdo con circunstancias exigentes para proteger la seguridad personal de los usuarios de G&amp;P OFFICE SOLUTIONS CORP o del p\u00fablico.<\/p><p><strong>Seguimiento del comportamiento del usuario<\/strong><\/p><p>G&amp;P OFFICE SOLUTIONS CORP puede realizar un seguimiento de los sitios web y las p\u00e1ginas que visitan nuestros usuarios dentro de G&amp;P OFFICE SOLUTIONS CORP, a fin de determinar qu\u00e9 servicios de G&amp;P OFFICE SOLUTIONS CORP son los m\u00e1s populares. Estos datos se utilizan para entregar contenido personalizado y publicidad dentro de G&amp;P OFFICE SOLUTIONS CORP a los clientes cuyo comportamiento indica que est\u00e1n interesados \u200b\u200ben un tema en particular.<\/p><p><strong>Informaci\u00f3n recopilada autom\u00e1ticamente<\/strong><\/p><p>La informaci\u00f3n sobre el hardware y software de su computadora puede ser recopilada autom\u00e1ticamente por G&amp;P OFFICE SOLUTIONS CORP. Esta informaci\u00f3n puede incluir: su direcci\u00f3n IP, tipo de navegador, nombres de dominio, tiempos de acceso y direcciones de sitios web de referencia. Esta informaci\u00f3n se utiliza para el funcionamiento del servicio, para mantener la calidad del servicio y para proporcionar estad\u00edsticas generales sobre el uso del sitio web de G&amp;P OFFICE SOLUTIONS CORP.<\/p><p><strong>Uso de cookies<\/strong><\/p><p>El sitio web de G&amp;P OFFICE SOLUTIONS CORP puede utilizar \"cookies\" para ayudarlo a personalizar su experiencia en l\u00ednea. Una cookie es un archivo de texto que un servidor de p\u00e1ginas web coloca en su disco duro. Las cookies no se pueden utilizar para ejecutar programas o enviar virus a su computadora. Las cookies se le asignan de forma exclusiva a usted y solo pueden ser le\u00eddas por un servidor web en el dominio que emiti\u00f3 la cookie.<\/p><p>Uno de los prop\u00f3sitos principales de las cookies es proporcionar una funci\u00f3n conveniente para ahorrarle tiempo. El prop\u00f3sito de una cookie es decirle al servidor web que ha regresado a una p\u00e1gina espec\u00edfica. Por ejemplo, si personaliza las p\u00e1ginas de G&amp;P OFFICE SOLUTIONS CORP, o se registra en un sitio o en un servicio de G&amp;P OFFICE SOLUTIONS CORP, una cookie ayuda a G&amp;P OFFICE SOLUTIONS CORP a recordar su informaci\u00f3n espec\u00edfica para las visitas siguientes. Esto simplifica el proceso de registrar su informaci\u00f3n personal, como direcciones de facturaci\u00f3n, direcciones de env\u00edo, etc. Cuando regrese al mismo sitio web de G&amp;P OFFICE SOLUTIONS CORP, se puede recuperar la informaci\u00f3n que proporcion\u00f3 anteriormente, para que pueda usar f\u00e1cilmente las funciones de G&amp;P OFFICE SOLUTIONS CORP que personaliz\u00f3.<\/p><p>Tiene la capacidad de aceptar o rechazar cookies. La mayor\u00eda de los navegadores web aceptan cookies autom\u00e1ticamente, pero normalmente puede modificar la configuraci\u00f3n de su navegador para rechazar las cookies si lo prefiere. Si elige rechazar las cookies, es posible que no pueda experimentar por completo las funciones interactivas de los servicios o sitios web de G&amp;P OFFICE SOLUTIONS CORP que visite.<\/p><p><strong>Enlaces<\/strong><\/p><p>Este sitio web contiene enlaces a otros sitios. Tenga en cuenta que no somos responsables del contenido o las pr\u00e1cticas de privacidad de esos otros sitios. Alentamos a nuestros usuarios a estar atentos cuando abandonan nuestro sitio y a leer las declaraciones de privacidad de cualquier otro sitio que recopile informaci\u00f3n de identificaci\u00f3n personal.<\/p><p><strong>Derecho a supresi\u00f3n<\/strong><\/p><p>Sujeto a ciertas excepciones que se establecen a continuaci\u00f3n, al recibir una solicitud verificable de usted, nosotros:<\/p><ul><li>Eliminar su informaci\u00f3n personal de nuestros registros; y<\/li><li>Indique a cualquier proveedor de servicios que elimine su informaci\u00f3n personal de sus registros.<\/li><\/ul><p>Tenga en cuenta que es posible que no podamos cumplir con las solicitudes para eliminar su informaci\u00f3n personal si es necesario para:<\/p><ul><li>Completar la transacci\u00f3n para la cual se recopil\u00f3 la informaci\u00f3n personal, cumplir con los t\u00e9rminos de una garant\u00eda escrita o retiro de producto realizado de acuerdo con la ley federal, proporcionar un bien o servicio solicitado por usted o razonablemente anticipado dentro del contexto de nuestra relaci\u00f3n comercial en curso con usted. , o ejecutar un contrato entre usted y nosotros;<\/li><li>Detecte incidentes de seguridad, prot\u00e9jase contra actividades maliciosas, enga\u00f1osas, fraudulentas o ilegales; o enjuiciar a los responsables de esa actividad;<\/li><li>Depurar para identificar y reparar errores que perjudican la funcionalidad prevista existente;<\/li><li>Ejercer la libertad de expresi\u00f3n, garantizar el derecho de otro consumidor a ejercer su derecho a la libertad de expresi\u00f3n o ejercer otro derecho previsto por la ley;<\/li><li>Cumplir con la Ley de Privacidad de Comunicaciones Electr\u00f3nicas de California;<\/li><li>Participar en investigaciones cient\u00edficas, hist\u00f3ricas o estad\u00edsticas p\u00fablicas o revisadas por pares en el inter\u00e9s p\u00fablico que se adhieran a todas las dem\u00e1s leyes de \u00e9tica y privacidad aplicables, cuando es probable que nuestra eliminaci\u00f3n de la informaci\u00f3n haga imposible o perjudique seriamente el logro de dicha investigaci\u00f3n, siempre que hemos obtenido su consentimiento informado;<\/li><li>Permitir \u00fanicamente usos internos que est\u00e9n razonablemente alineados con sus expectativas en funci\u00f3n de su relaci\u00f3n con nosotros;<\/li><li>Cumplir con una obligaci\u00f3n legal existente; o<\/li><li>De lo contrario, use su informaci\u00f3n personal, internamente, de una manera legal que sea compatible con el contexto en el que proporcion\u00f3 la informaci\u00f3n.<\/li><\/ul><p><strong>Ni\u00f1os menores de trece<\/strong><\/p><p>G&amp;P OFFICE SOLUTIONS CORP no recopila a sabiendas informaci\u00f3n de identificaci\u00f3n personal de ni\u00f1os menores de trece a\u00f1os. Si es menor de trece a\u00f1os, debe pedir permiso a sus padres o tutores para utilizar este sitio web.<\/p><p><strong>Comunicaciones por correo electr\u00f3nico<\/strong><\/p><p>De vez en cuando, G&amp;P OFFICE SOLUTIONS CORP puede comunicarse con usted por correo electr\u00f3nico con el fin de proporcionar anuncios, ofertas promocionales, alertas, confirmaciones, encuestas y \/ u otra comunicaci\u00f3n general. Para mejorar nuestros Servicios, es posible que recibamos una notificaci\u00f3n cuando abra un correo electr\u00f3nico de G&amp;P OFFICE SOLUTIONS CORP o haga clic en un enlace all\u00ed.<\/p><p><strong>Cambios a esta declaraci\u00f3n<\/strong><\/p><p>G&amp;P OFFICE SOLUTIONS CORP se reserva el derecho de cambiar esta Pol\u00edtica de privacidad de vez en cuando. Le notificaremos sobre cambios significativos en la forma en que tratamos la informaci\u00f3n personal enviando un aviso a la direcci\u00f3n de correo electr\u00f3nico principal especificada en su cuenta, colocando un aviso destacado en nuestro sitio y \/ o actualizando cualquier informaci\u00f3n de privacidad en esta p\u00e1gina. Su uso continuado del Sitio y \/ o los Servicios disponibles a trav\u00e9s de este Sitio despu\u00e9s de tales modificaciones constituir\u00e1 su: (a) reconocimiento de la Pol\u00edtica de Privacidad modificada; y (b) el acuerdo de cumplir y estar sujeto a esa Pol\u00edtica.<\/p><p><strong>Informaci\u00f3n del contacto<\/strong><\/p><p>G&amp;P OFFICE SOLUTIONS CORP agradece sus preguntas o comentarios con respecto a esta Declaraci\u00f3n de privacidad. Si cree que G&amp;P OFFICE SOLUTIONS CORP no se ha adherido a esta Declaraci\u00f3n, comun\u00edquese con G&amp;P OFFICE SOLUTIONS CORP en:<\/p><p>G&amp;P OFFICE SOLUTIONS CORP<\/p><p>848 Brickell Avenue Suite 950<\/p><p>Miami, Florida 33131<\/p><p>Direcci\u00f3n de correo electr\u00f3nico:<\/p><p>info@gpsolution.net<\/p><p>N\u00famero de tel\u00e9fono:<\/p><p>(561) 614-4470<\/p><p>Efectivo a partir del 01 de noviembre de 2020<\/p>\t\t\t\t\t<\/div>\n\t\t\t\t\t\t<\/div>\n\t\t\t\t<\/div>\n\t\t\t\t\t\t<\/div>\n\t\t\t\t\t<\/div>\n\t\t<\/div>\n\t\t\t\t\t\t\t\t<\/div>\n\t\t\t\t\t<\/div>\n\t\t<\/section>\n\t\t\t\t\t\t\t\t\t<\/div>\n\t\t\t<\/div>\n\t\t\t\t\t<\/div>","protected":false},"excerpt":{"rendered":"<p>Privacy Policy Protecting your private information is our priority. This Statement of Privacy applies to www.gpsolution.net and G&amp;P OFFICE SOLUTIONS CORP and governs data collection and usage. For the purposes of this Privacy Policy, unless otherwise noted, all references to G&amp;P OFFICE SOLUTIONS CORP include www.gpsolution.net. The G&amp;P OFFICE SOLUTIONS CORP website is a Company &hellip;<\/p>\n<p class=\"read-more\"> <a class=\"\" href=\"https:\/\/gpsolution.net\/es\/privacy-policy\/\"> <span class=\"screen-reader-text\">Pol\u00edtica de privacidad<\/span> Leer m\u00e1s &raquo;<\/a><\/p>","protected":false},"author":1,"featured_media":0,"parent":0,"menu_order":0,"comment_status":"closed","ping_status":"closed","template":"elementor_header_footer","meta":{"site-sidebar-layout":"no-sidebar","site-content-layout":"page-builder","ast-main-header-display":"","ast-hfb-above-header-display":"","ast-hfb-below-header-display":"","ast-hfb-mobile-header-display":"","site-post-title":"disabled","ast-breadcrumbs-content":"","ast-featured-img":"","footer-sml-layout":"","theme-transparent-header-meta":"default","adv-header-id-meta":"","stick-header-meta":"","header-above-stick-meta":"","header-main-stick-meta":"","header-below-stick-meta":""},"_links":{"self":[{"href":"https:\/\/gpsolution.net\/es\/wp-json\/wp\/v2\/pages\/566"}],"collection":[{"href":"https:\/\/gpsolution.net\/es\/wp-json\/wp\/v2\/pages"}],"about":[{"href":"https:\/\/gpsolution.net\/es\/wp-json\/wp\/v2\/types\/page"}],"author":[{"embeddable":true,"href":"https:\/\/gpsolution.net\/es\/wp-json\/wp\/v2\/users\/1"}],"replies":[{"embeddable":true,"href":"https:\/\/gpsolution.net\/es\/wp-json\/wp\/v2\/comments?post=566"}],"version-history":[{"count":6,"href":"https:\/\/gpsolution.net\/es\/wp-json\/wp\/v2\/pages\/566\/revisions"}],"predecessor-version":[{"id":630,"href":"https:\/\/gpsolution.net\/es\/wp-json\/wp\/v2\/pages\/566\/revisions\/630"}],"wp:attachment":[{"href":"https:\/\/gpsolution.net\/es\/wp-json\/wp\/v2\/media?parent=566"}],"curies":[{"name":"wp","href":"https:\/\/api.w.org\/{rel}","templated":true}]}}